{"id":10385,"date":"2024-11-11T17:35:03","date_gmt":"2024-11-11T17:35:03","guid":{"rendered":"https:\/\/www.skills-divers.eu\/?page_id=10385"},"modified":"2026-03-02T08:16:13","modified_gmt":"2026-03-02T08:16:13","slug":"taller-de-generacion-de-ideas-y-escritura-de-propuestas-para-erasmus","status":"publish","type":"page","link":"https:\/\/www.skills-divers.eu\/en\/taller-de-generacion-de-ideas-y-escritura-de-propuestas-para-erasmus\/","title":{"rendered":"Erasmus+ Proposal Writing: Workshop on Artificial Intelligence"},"content":{"rendered":"<p>Erasmus+<\/p>\n<h2>How AI accelerates the generation of competitive ideas for the Program <a href=\"https:\/\/erasmus-plus.ec.europa.eu\/es\">Erasmus+<\/a><\/h2>\n<p>Practical Workshop for Successful Erasmus+ Proposals with AI<\/p>\n<p><iframe title=\"Generaci\u00f3n de Ideas y Escritura con IA (ChatGPT) para Erasmus+\" width=\"500\" height=\"281\" src=\"https:\/\/www.youtube.com\/embed\/6VS9IEFqFhw?feature=oembed\" frameborder=\"0\" allow=\"accelerometer; autoplay; clipboard-write; encrypted-media; gyroscope; picture-in-picture; web-share\" referrerpolicy=\"strict-origin-when-cross-origin\" allowfullscreen><\/iframe><\/p>\n<p>Do you want to develop winning proposals for the Erasmus+ programme? This course is designed for\u00a0<b style=\"font-size: 16px;\">educational institutions, <\/b><b style=\"font-size: 16px;\">consultants and project managers in education and innovation\u00a0<\/b>who seek to stand out and increase their chances of success in the calls for this prestigious European program.<\/p>\n<h2><b>Why Erasmus+?<\/b><\/h2>\n<p>Erasmus+ is the European Union program that supports\u00a0<b>education, training, youth and sport<\/b>\u00a0in the period 2021-2027. It offers funding for projects that promote cooperation between organizations and the development of innovative ideas.<\/p>\n<p>In this intensive course, you will learn how to:<\/p>\n<ul style=\"margin-top: 0cm;\" type=\"disc\">\n<li><b>Generate solid ideas<\/b>\u00a0and aligned with the priorities of the Cooperation between Organisations (KA2).<\/li>\n<li><b>Understand the key calls for proposals,<\/b>\u00a0with a detailed analysis of their objectives and the types of projects funded.<\/li>\n<li><b>Assess and validate<\/b>\u00a0the innovative character of your ideas to ensure their eligibility and potential for success.<\/li>\n<li><b>Select the right call<\/b>\u00a0for your idea, build a strong consortium and develop a work plan and budget that will highlight your proposal.<\/li>\n<\/ul>\n<p>Our hands-on approach will guide you step by step through each field of the application form, with real examples of funded projects and the expertise of consultants who have successfully managed more than 20 Erasmus+ proposals.<\/p>\n<p class=\"translation-block\">We will use generative AI tools such as <b>ChatGPT <\/b>to design the proposal from scratch, address key sections, and refine it\u2014doubling our writing capacity and maximising our chances of success. You will also learn how to apply <b>prompt engineering<\/b> to a funding proposal.<\/p>\n<h3><b>Course format<\/b>:<\/h3>\n<p>Online<\/p>\n<h3><br \/><b>Syllabus<\/b>:<\/h3>\n<p>Part 1 (3 hours)<\/p>\n<ul style=\"margin-top: 0cm;\" type=\"disc\">\n<li style=\"list-style-type: none;\">\n<ul style=\"margin-top: 0cm;\" type=\"disc\">\n<li>Introduction to Erasmus+ 2025 and the opportunities in Cooperation between organisations (KA2).<\/li>\n<li>Examples of successful projects in different calls: Cooperation Partnership, Capacity Building, CoVEs, Alliances for Innovation, among others.<\/li>\n<li>Strategies for building a solid consortium and finding ideal partners.<\/li>\n<li>Generating a suitable lump sum budget.<\/li>\n<\/ul>\n<\/li>\n<\/ul>\n<p><strong>Part 2 <\/strong>(3 hours)<\/p>\n<ul style=\"margin-top: 0cm;\" type=\"disc\">\n<li style=\"list-style-type: none;\">\n<ul style=\"margin-top: 0cm;\" type=\"disc\">\n<li>Prompt Engineering for grant writing.<\/li>\n<li>Rhetorical framework for prompt engineering.<\/li>\n<li>Four conditions for accurate AI-assisted writing.<\/li>\n<li>Adapting the rhetorical framework for Erasmus+ proposal writing.<\/li>\n<li>Key points of an Erasmus+ proposal.<\/li>\n<li>Do\u2019s and don\u2019ts when writing a proposal.<\/li>\n<li>Feeling lost? How to design an Erasmus+ proposal from scratch with ChatGPT.<\/li>\n<li>How to use AI to improve an existing proposal.<\/li>\n<\/ul>\n<\/li>\n<\/ul>\n<p><strong>Part 3<\/strong>\u00a0(3 hours)<\/p>\n<ul>\n<li style=\"list-style-type: none;\">\n<ul>\n<li class=\"translation-block\"><strong>Practical workshop<\/strong>: Generation and validation of project ideas.<\/li>\n<li class=\"translation-block\">Hands-on review of the <b>Cooperation Partnership<\/b> application form, section by section.<\/li>\n<\/ul>\n<\/li>\n<\/ul>\n<p><strong style=\"font-size: 16px;\">Idiom of the course<\/strong>: Spanish or English.<\/p>\n<p><strong>Limited Seats<\/strong>: Maximum 5 participants to ensure personalised learning.<\/p>\n<p><strong>Dates<\/strong>: April-May 2026.<\/p>\n<p><strong>Do you want more information or to know the price?<\/strong> Write to us at <a href=\"mailto:info@skillsdivers.eu\">info@skillsdivers.eu<\/a><\/p>\n<p>Interested in learning more about our winning proposals? Visit our section on <a href=\"https:\/\/www.skills-divers.eu\/en\/projects\/\">Projects<\/a><\/p>\n<p><img fetchpriority=\"high\" decoding=\"async\" class=\"alignnone\" src=\"http:\/\/www.skills-divers.eu\/wp-content\/uploads\/2024\/11\/curso_header-1300x689.png\" alt=\"Erasmus+ taller\" width=\"1300\" height=\"689\" \/><\/p>\n\n\n<p><\/p>","protected":false},"excerpt":{"rendered":"<p>Erasmus+ C\u00f3mo la IA acelera la generaci\u00f3n de ideas competitivas para el Programa Erasmus+ Taller pr\u00e1ctico para propuestas exitosas con<\/p>","protected":false},"author":2,"featured_media":10380,"parent":0,"menu_order":0,"comment_status":"closed","ping_status":"closed","template":"","meta":{"_acf_changed":false,"om_disable_all_campaigns":false,"_monsterinsights_skip_tracking":false,"_monsterinsights_sitenote_active":false,"_monsterinsights_sitenote_note":"","_monsterinsights_sitenote_category":0,"footnotes":""},"class_list":["post-10385","page","type-page","status-publish","has-post-thumbnail","hentry"],"acf":[],"aioseo_notices":[],"_links":{"self":[{"href":"https:\/\/www.skills-divers.eu\/en\/wp-json\/wp\/v2\/pages\/10385","targetHints":{"allow":["GET"]}}],"collection":[{"href":"https:\/\/www.skills-divers.eu\/en\/wp-json\/wp\/v2\/pages"}],"about":[{"href":"https:\/\/www.skills-divers.eu\/en\/wp-json\/wp\/v2\/types\/page"}],"author":[{"embeddable":true,"href":"https:\/\/www.skills-divers.eu\/en\/wp-json\/wp\/v2\/users\/2"}],"replies":[{"embeddable":true,"href":"https:\/\/www.skills-divers.eu\/en\/wp-json\/wp\/v2\/comments?post=10385"}],"version-history":[{"count":74,"href":"https:\/\/www.skills-divers.eu\/en\/wp-json\/wp\/v2\/pages\/10385\/revisions"}],"predecessor-version":[{"id":10566,"href":"https:\/\/www.skills-divers.eu\/en\/wp-json\/wp\/v2\/pages\/10385\/revisions\/10566"}],"wp:featuredmedia":[{"embeddable":true,"href":"https:\/\/www.skills-divers.eu\/en\/wp-json\/wp\/v2\/media\/10380"}],"wp:attachment":[{"href":"https:\/\/www.skills-divers.eu\/en\/wp-json\/wp\/v2\/media?parent=10385"}],"curies":[{"name":"wp","href":"https:\/\/api.w.org\/{rel}","templated":true}]}}