{"id":10640,"date":"2026-03-27T12:07:20","date_gmt":"2026-03-27T12:07:20","guid":{"rendered":"https:\/\/www.skills-divers.eu\/?page_id=10640"},"modified":"2026-03-27T13:07:13","modified_gmt":"2026-03-27T13:07:13","slug":"news","status":"publish","type":"page","link":"https:\/\/www.skills-divers.eu\/en\/news\/","title":{"rendered":"Latest news and updates"},"content":{"rendered":"<div data-elementor-type=\"wp-page\" data-elementor-id=\"10640\" class=\"elementor elementor-10640\" data-elementor-post-type=\"page\">\n\t\t\t\t<div class=\"elementor-element elementor-element-3fa682e e-flex e-con-boxed e-con e-parent\" data-id=\"3fa682e\" data-element_type=\"container\" data-e-type=\"container\">\n\t\t\t\t\t<div class=\"e-con-inner\">\n\t\t\t\t<div class=\"elementor-element elementor-element-0529bd3 elementor-widget elementor-widget-wd_text_block\" data-id=\"0529bd3\" data-element_type=\"widget\" data-e-type=\"widget\" data-widget_type=\"wd_text_block.default\">\n\t\t\t\t<div class=\"elementor-widget-container\">\n\t\t\t\t\t\t\t\t<link rel=\"stylesheet\" id=\"wd-text-block-css\" href=\"https:\/\/www.skills-divers.eu\/wp-content\/themes\/woodmart\/css\/parts\/el-text-block.min.css?ver=7.0.3\" type=\"text\/css\" media=\"all\" \/> \t\t\t\t\t<div class=\"wd-text-block reset-last-child text-left\">\n\t\t\t\n\t\t\t<p><span style=\"font-size: 16px;\">Trends and the latest news, events, updates on our projects, technologies, European funding opportunities, ...<\/span><\/p>\n\t\t\t\t\t<\/div>\n\t\t\t\t\t\t<\/div>\n\t\t\t\t<\/div>\n\t\t\t\t\t<\/div>\n\t\t\t\t<\/div>\n\t\t<div class=\"elementor-element elementor-element-b81b90e e-flex e-con-boxed e-con e-parent\" data-id=\"b81b90e\" data-element_type=\"container\" data-e-type=\"container\">\n\t\t\t\t\t<div class=\"e-con-inner\">\n\t\t\t\t<div class=\"elementor-element elementor-element-b63306e elementor-grid-eael-col-4 elementor-grid-tablet-eael-col-2 elementor-grid-mobile-eael-col-1 elementor-widget elementor-widget-eael-post-grid\" data-id=\"b63306e\" data-element_type=\"widget\" data-e-type=\"widget\" data-settings=\"{&quot;eael_post_grid_columns&quot;:&quot;eael-col-4&quot;,&quot;eael_post_grid_columns_tablet&quot;:&quot;eael-col-2&quot;,&quot;eael_post_grid_columns_mobile&quot;:&quot;eael-col-1&quot;}\" data-widget_type=\"eael-post-grid.default\">\n\t\t\t\t<div class=\"elementor-widget-container\">\n\t\t\t\t\t<div id=\"eael-post-grid-b63306e\" class=\"eael-post-grid-container\">\n            <div class=\"eael-post-grid eael-post-appender eael-post-appender-b63306e eael-post-grid-style-one\" data-layout-mode=\"masonry\"><article class=\"eael-grid-post  eael-post-grid-column eael-pg-post-10723 category-noticias\" data-id=\"10723\">\n        <div class=\"eael-grid-post-holder\">\n            <div class=\"eael-grid-post-holder-inner\"><div class=\"eael-entry-media\"><div class=\"eael-entry-overlay fade-in\"><i class=\"fas fa-long-arrow-alt-right\" aria-hidden=\"true\"><\/i><a href=\"https:\/\/www.skills-divers.eu\/en\/microcredenciales-europeas-el-futuro-de-la-formacion-digital-y-certificable\/\"><\/a><\/div><div class=\"eael-entry-thumbnail\">\n                <img fetchpriority=\"high\" decoding=\"async\" width=\"400\" height=\"239\" src=\"https:\/\/www.skills-divers.eu\/wp-content\/uploads\/2026\/05\/Overview-of-webtools_2-2-400x239.png\" class=\"attachment-medium size-medium wp-image-10729\" alt=\"\" srcset=\"https:\/\/www.skills-divers.eu\/wp-content\/uploads\/2026\/05\/Overview-of-webtools_2-2-400x239.png 400w, https:\/\/www.skills-divers.eu\/wp-content\/uploads\/2026\/05\/Overview-of-webtools_2-2-18x12.png 18w, https:\/\/www.skills-divers.eu\/wp-content\/uploads\/2026\/05\/Overview-of-webtools_2-2.png 602w\" sizes=\"(max-width: 400px) 100vw, 400px\" \/>\n            <\/div>\n        <\/div><div class=\"eael-entry-wrapper\"><header class=\"eael-entry-header\"><h2 class=\"eael-entry-title\"><a class=\"eael-grid-post-link\" href=\"https:\/\/www.skills-divers.eu\/en\/microcredenciales-europeas-el-futuro-de-la-formacion-digital-y-certificable\/\" title=\"European micro-credentials: the future of digital and certifiable training\">European micro-credentials: the future of digital and certifiable training<\/a><\/h2><\/header><div class=\"eael-entry-content\">\n                        <div class=\"eael-grid-post-excerpt\"><p>Impulsadas por la Uni\u00f3n Europea, las microcredenciales permiten certificar aprendizajes...<\/p><a href=\"https:\/\/www.skills-divers.eu\/en\/microcredenciales-europeas-el-futuro-de-la-formacion-digital-y-certificable\/\" class=\"eael-post-elements-readmore-btn\">Leer m\u00e1s<\/a><\/div>\n                    <\/div><div class=\"eael-entry-footer\"><div class=\"eael-author-avatar\"><a href=\"https:\/\/www.skills-divers.eu\/en\/author\/skills-divers\/\"><img alt='Skills Divers' src='https:\/\/secure.gravatar.com\/avatar\/ebd7209fb3972fc1101b0b41b2ad90ee5f0d08fb1905c3be253e31bfded21412?s=96&#038;d=mm&#038;r=g' srcset='https:\/\/secure.gravatar.com\/avatar\/ebd7209fb3972fc1101b0b41b2ad90ee5f0d08fb1905c3be253e31bfded21412?s=192&#038;d=mm&#038;r=g 2x' class='avatar avatar-96 photo' height='96' width='96' \/><\/a><\/div><div class=\"eael-entry-meta\"><span class=\"eael-posted-by\"><a href=\"https:\/\/www.skills-divers.eu\/en\/author\/skills-divers\/\" title=\"Posts by Skills Divers\" rel=\"author\">Skills Divers<\/a><\/span><span class=\"eael-posted-on\"><time datetime=\"May 11, 2026\">May 11, 2026<\/time><\/span><\/div><\/div><\/div><\/div>\n        <\/div>\n    <\/article><article class=\"eael-grid-post  eael-post-grid-column eael-pg-post-10712 category-noticias\" data-id=\"10712\">\n        <div class=\"eael-grid-post-holder\">\n            <div class=\"eael-grid-post-holder-inner\"><div class=\"eael-entry-media\"><div class=\"eael-entry-overlay fade-in\"><i class=\"fas fa-long-arrow-alt-right\" aria-hidden=\"true\"><\/i><a href=\"https:\/\/www.skills-divers.eu\/en\/skills-divers-asiste-al-8o-encuentro-nacional-de-formacion-profesional\/\"><\/a><\/div><div class=\"eael-entry-thumbnail\">\n                <img decoding=\"async\" width=\"400\" height=\"300\" src=\"https:\/\/www.skills-divers.eu\/wp-content\/uploads\/2026\/04\/pilar-400x300.jpeg\" class=\"attachment-medium size-medium wp-image-10718\" alt=\"Formaci\u00f3n Profesional\" srcset=\"https:\/\/www.skills-divers.eu\/wp-content\/uploads\/2026\/04\/pilar-400x300.jpeg 400w, https:\/\/www.skills-divers.eu\/wp-content\/uploads\/2026\/04\/pilar-1067x800.jpeg 1067w, https:\/\/www.skills-divers.eu\/wp-content\/uploads\/2026\/04\/pilar-768x576.jpeg 768w, https:\/\/www.skills-divers.eu\/wp-content\/uploads\/2026\/04\/pilar-1536x1152.jpeg 1536w, https:\/\/www.skills-divers.eu\/wp-content\/uploads\/2026\/04\/pilar-16x12.jpeg 16w, https:\/\/www.skills-divers.eu\/wp-content\/uploads\/2026\/04\/pilar.jpeg 2000w\" sizes=\"(max-width: 400px) 100vw, 400px\" \/>\n            <\/div>\n        <\/div><div class=\"eael-entry-wrapper\"><header class=\"eael-entry-header\"><h2 class=\"eael-entry-title\"><a class=\"eael-grid-post-link\" href=\"https:\/\/www.skills-divers.eu\/en\/skills-divers-asiste-al-8o-encuentro-nacional-de-formacion-profesional\/\" title=\"Skills Divers attends the 8th National Vocational Training Conference\">Skills Divers attends the 8th National Vocational Training Conference<\/a><\/h2><\/header><div class=\"eael-entry-content\">\n                        <div class=\"eael-grid-post-excerpt\"><p>Con el lema \u00abFormando el Presente, forjando el futuro\u00bb, la...<\/p><a href=\"https:\/\/www.skills-divers.eu\/en\/skills-divers-asiste-al-8o-encuentro-nacional-de-formacion-profesional\/\" class=\"eael-post-elements-readmore-btn\">Leer m\u00e1s<\/a><\/div>\n                    <\/div><div class=\"eael-entry-footer\"><div class=\"eael-author-avatar\"><a href=\"https:\/\/www.skills-divers.eu\/en\/author\/editor\/\"><img alt='Gregorio Ca\u00f1avate Editor' src='https:\/\/secure.gravatar.com\/avatar\/ac178718886e538a346f7b0675ef93c5b4b7751889ed1c7b6e872b3ae180c573?s=96&#038;d=mm&#038;r=g' srcset='https:\/\/secure.gravatar.com\/avatar\/ac178718886e538a346f7b0675ef93c5b4b7751889ed1c7b6e872b3ae180c573?s=192&#038;d=mm&#038;r=g 2x' class='avatar avatar-96 photo' height='96' width='96' \/><\/a><\/div><div class=\"eael-entry-meta\"><span class=\"eael-posted-by\"><a href=\"https:\/\/www.skills-divers.eu\/en\/author\/editor\/\" title=\"Posts by Gregorio Ca\u00f1avate Editor\" rel=\"author\">Gregorio Ca\u00f1avate Editor<\/a><\/span><span class=\"eael-posted-on\"><time datetime=\"April 23, 2026\">April 23, 2026<\/time><\/span><\/div><\/div><\/div><\/div>\n        <\/div>\n    <\/article><article class=\"eael-grid-post  eael-post-grid-column eael-pg-post-10680 category-noticias\" data-id=\"10680\">\n        <div class=\"eael-grid-post-holder\">\n            <div class=\"eael-grid-post-holder-inner\"><div class=\"eael-entry-media\"><div class=\"eael-entry-overlay fade-in\"><i class=\"fas fa-long-arrow-alt-right\" aria-hidden=\"true\"><\/i><a href=\"https:\/\/www.skills-divers.eu\/en\/primera-reunion-de-consorcio-del-proyecto-greenchem\/\"><\/a><\/div><div class=\"eael-entry-thumbnail\">\n                <img decoding=\"async\" width=\"400\" height=\"279\" src=\"https:\/\/www.skills-divers.eu\/wp-content\/uploads\/2026\/04\/IMG_6620-1-scaled-e1776786655126-400x279.jpeg\" class=\"attachment-medium size-medium wp-image-10693\" alt=\"\" srcset=\"https:\/\/www.skills-divers.eu\/wp-content\/uploads\/2026\/04\/IMG_6620-1-scaled-e1776786655126-400x279.jpeg 400w, https:\/\/www.skills-divers.eu\/wp-content\/uploads\/2026\/04\/IMG_6620-1-scaled-e1776786655126-18x12.jpeg 18w, https:\/\/www.skills-divers.eu\/wp-content\/uploads\/2026\/04\/IMG_6620-1-scaled-e1776786655126.jpeg 488w\" sizes=\"(max-width: 400px) 100vw, 400px\" \/>\n            <\/div>\n        <\/div><div class=\"eael-entry-wrapper\"><header class=\"eael-entry-header\"><h2 class=\"eael-entry-title\"><a class=\"eael-grid-post-link\" href=\"https:\/\/www.skills-divers.eu\/en\/primera-reunion-de-consorcio-del-proyecto-greenchem\/\" title=\"GREENCHEM: The European project set to transform the chemical industry\">GREENCHEM: The European project set to transform the chemical industry<\/a><\/h2><\/header><div class=\"eael-entry-content\">\n                        <div class=\"eael-grid-post-excerpt\"><p>El proyecto GREENCHEM ha dado el pistoletazo de salida. Han...<\/p><a href=\"https:\/\/www.skills-divers.eu\/en\/primera-reunion-de-consorcio-del-proyecto-greenchem\/\" class=\"eael-post-elements-readmore-btn\">Leer m\u00e1s<\/a><\/div>\n                    <\/div><div class=\"eael-entry-footer\"><div class=\"eael-author-avatar\"><a href=\"https:\/\/www.skills-divers.eu\/en\/author\/skills-divers\/\"><img alt='Skills Divers' src='https:\/\/secure.gravatar.com\/avatar\/ebd7209fb3972fc1101b0b41b2ad90ee5f0d08fb1905c3be253e31bfded21412?s=96&#038;d=mm&#038;r=g' srcset='https:\/\/secure.gravatar.com\/avatar\/ebd7209fb3972fc1101b0b41b2ad90ee5f0d08fb1905c3be253e31bfded21412?s=192&#038;d=mm&#038;r=g 2x' class='avatar avatar-96 photo' height='96' width='96' \/><\/a><\/div><div class=\"eael-entry-meta\"><span class=\"eael-posted-by\"><a href=\"https:\/\/www.skills-divers.eu\/en\/author\/skills-divers\/\" title=\"Posts by Skills Divers\" rel=\"author\">Skills Divers<\/a><\/span><span class=\"eael-posted-on\"><time datetime=\"April 21, 2026\">April 21, 2026<\/time><\/span><\/div><\/div><\/div><\/div>\n        <\/div>\n    <\/article><article class=\"eael-grid-post  eael-post-grid-column eael-pg-post-10670 category-noticias\" data-id=\"10670\">\n        <div class=\"eael-grid-post-holder\">\n            <div class=\"eael-grid-post-holder-inner\"><div class=\"eael-entry-media\"><div class=\"eael-entry-overlay fade-in\"><i class=\"fas fa-long-arrow-alt-right\" aria-hidden=\"true\"><\/i><a href=\"https:\/\/www.skills-divers.eu\/en\/erasmus-elige-los-15-nuevos-centres-of-vocational-excellence-coves\/\"><\/a><\/div><div class=\"eael-entry-thumbnail\">\n                <img loading=\"lazy\" decoding=\"async\" width=\"400\" height=\"267\" src=\"https:\/\/www.skills-divers.eu\/wp-content\/uploads\/2026\/04\/CoVES_2026-400x267.png\" class=\"attachment-medium size-medium wp-image-10674\" alt=\"15 new CoVEs\" \/>\n            <\/div>\n        <\/div><div class=\"eael-entry-wrapper\"><header class=\"eael-entry-header\"><h2 class=\"eael-entry-title\"><a class=\"eael-grid-post-link\" href=\"https:\/\/www.skills-divers.eu\/en\/erasmus-elige-los-15-nuevos-centres-of-vocational-excellence-coves\/\" title=\"Erasmus+ selects 15 new Centres of Vocational Excellence (CoVE)\">Erasmus+ selects 15 new Centres of Vocational Excellence (CoVE)<\/a><\/h2><\/header><div class=\"eael-entry-content\">\n                        <div class=\"eael-grid-post-excerpt\"><p>15 nuevos CoVEs seleccionados para comenzar en 2026 de la...<\/p><a href=\"https:\/\/www.skills-divers.eu\/en\/erasmus-elige-los-15-nuevos-centres-of-vocational-excellence-coves\/\" class=\"eael-post-elements-readmore-btn\">Leer m\u00e1s<\/a><\/div>\n                    <\/div><div class=\"eael-entry-footer\"><div class=\"eael-author-avatar\"><a href=\"https:\/\/www.skills-divers.eu\/en\/author\/skills-divers\/\"><img alt='Skills Divers' src='https:\/\/secure.gravatar.com\/avatar\/ebd7209fb3972fc1101b0b41b2ad90ee5f0d08fb1905c3be253e31bfded21412?s=96&#038;d=mm&#038;r=g' srcset='https:\/\/secure.gravatar.com\/avatar\/ebd7209fb3972fc1101b0b41b2ad90ee5f0d08fb1905c3be253e31bfded21412?s=192&#038;d=mm&#038;r=g 2x' class='avatar avatar-96 photo' height='96' width='96' \/><\/a><\/div><div class=\"eael-entry-meta\"><span class=\"eael-posted-by\"><a href=\"https:\/\/www.skills-divers.eu\/en\/author\/skills-divers\/\" title=\"Posts by Skills Divers\" rel=\"author\">Skills Divers<\/a><\/span><span class=\"eael-posted-on\"><time datetime=\"April 16, 2026\">April 16, 2026<\/time><\/span><\/div><\/div><\/div><\/div>\n        <\/div>\n    <\/article><\/div>\n            <div class=\"clearfix\"><\/div>\n        <\/div>            <div class=\"eael-load-more-button-wrap eael-force-hide\">\n                <button class=\"eael-load-more-button\" id=\"eael-load-more-btn-b63306e\" data-widget-id=\"b63306e\" data-widget=\"b63306e\" data-page-id=\"10640\" data-template=\"{&quot;dir&quot;:&quot;lite&quot;,&quot;file_name&quot;:&quot;one.php&quot;,&quot;name&quot;:&quot;Post-Grid&quot;}\" data-class=\"Essential_Addons_Elementor\\Elements\\Post_Grid\" data-layout=\"masonry\" data-page=\"1\" data-args=\"orderby=date&amp;order=desc&amp;ignore_sticky_posts=1&amp;post_status=publish&amp;posts_per_page=4&amp;offset=0&amp;post_type=post&amp;tax_query%5B0%5D%5Btaxonomy%5D=category&amp;tax_query%5B0%5D%5Bfield%5D=term_id&amp;tax_query%5B0%5D%5Bterms%5D%5B0%5D=86&amp;tax_query%5Brelation%5D=AND\" data-max-page=\"2\">\n                    <span class=\"eael-btn-loader button__loader\"><\/span>\n                    <span class=\"eael_load_more_text\">Cargar m\u00e1s<\/span>\n                <\/button>\n            <\/div>\n            \t\t\t\t<\/div>\n\t\t\t\t<\/div>\n\t\t\t\t\t<\/div>\n\t\t\t\t<\/div>\n\t\t\t\t<\/div>","protected":false},"excerpt":{"rendered":"<p>Tendencias y \u00faltimas noticias, eventos, progresos sobre nuestros proyectos, tecnolog\u00edas, convocatorias europeas, &#8230; Nuevo centro de excelencia profesional en qu\u00edmica<\/p>","protected":false},"author":2,"featured_media":0,"parent":0,"menu_order":0,"comment_status":"closed","ping_status":"closed","template":"","meta":{"_acf_changed":false,"om_disable_all_campaigns":false,"_monsterinsights_skip_tracking":false,"_monsterinsights_sitenote_active":false,"_monsterinsights_sitenote_note":"","_monsterinsights_sitenote_category":0,"footnotes":""},"class_list":["post-10640","page","type-page","status-publish","hentry"],"acf":[],"aioseo_notices":[],"_links":{"self":[{"href":"https:\/\/www.skills-divers.eu\/en\/wp-json\/wp\/v2\/pages\/10640","targetHints":{"allow":["GET"]}}],"collection":[{"href":"https:\/\/www.skills-divers.eu\/en\/wp-json\/wp\/v2\/pages"}],"about":[{"href":"https:\/\/www.skills-divers.eu\/en\/wp-json\/wp\/v2\/types\/page"}],"author":[{"embeddable":true,"href":"https:\/\/www.skills-divers.eu\/en\/wp-json\/wp\/v2\/users\/2"}],"replies":[{"embeddable":true,"href":"https:\/\/www.skills-divers.eu\/en\/wp-json\/wp\/v2\/comments?post=10640"}],"version-history":[{"count":17,"href":"https:\/\/www.skills-divers.eu\/en\/wp-json\/wp\/v2\/pages\/10640\/revisions"}],"predecessor-version":[{"id":10664,"href":"https:\/\/www.skills-divers.eu\/en\/wp-json\/wp\/v2\/pages\/10640\/revisions\/10664"}],"wp:attachment":[{"href":"https:\/\/www.skills-divers.eu\/en\/wp-json\/wp\/v2\/media?parent=10640"}],"curies":[{"name":"wp","href":"https:\/\/api.w.org\/{rel}","templated":true}]}}