{"id":9641,"date":"2023-12-29T15:04:19","date_gmt":"2023-12-29T15:04:19","guid":{"rendered":"http:\/\/www.skills-divers.eu\/?page_id=9641"},"modified":"2026-03-09T09:41:06","modified_gmt":"2026-03-09T09:41:06","slug":"projects-in-development","status":"publish","type":"page","link":"https:\/\/www.skills-divers.eu\/en\/projects-in-development\/","title":{"rendered":"Proyectos en Desarrollo"},"content":{"rendered":"<link rel=\"stylesheet\" id=\"wd-section-title-css\" href=\"https:\/\/www.skills-divers.eu\/wp-content\/themes\/woodmart\/css\/parts\/el-section-title.min.css?ver=7.0.3\" type=\"text\/css\" media=\"all\" \/>\n\t\t\t\t\tHelping you to fulfil your dreams\t\t\t\t<\/p>\n<h4>your goals are our objectives<\/h4>\n<p>Here you can see a sample of the projects we have carried out, helping more and more people and institutions to achieve excellence. <\/p>\n<p>\t\t\t<a  href=\"\/en\/projects-completed\/\"><br \/>\n\t\t\t\t\tFINISHED PROJECTS<br \/>\n\t\t\t\t\t\t\t<\/a><br \/>\n\t\t\t<a  href=\"\/en\/projects\/\"><br \/>\n\t\t\t\t\tALL PROJECTS<br \/>\n\t\t\t\t\t\t\t<\/a>\n\t\t\t\t\t\t<link rel=\"stylesheet\" id=\"wd-blog-base-css\" href=\"https:\/\/www.skills-divers.eu\/wp-content\/themes\/woodmart\/css\/parts\/blog-base.min.css?ver=7.0.3\" type=\"text\/css\" media=\"all\" \/> \t\t\t\t\t\t<link rel=\"stylesheet\" id=\"wd-blog-loop-base-old-css\" href=\"https:\/\/www.skills-divers.eu\/wp-content\/themes\/woodmart\/css\/parts\/blog-loop-base-old.min.css?ver=7.0.3\" type=\"text\/css\" media=\"all\" \/> \t\t\t\t\t\t<link rel=\"stylesheet\" id=\"wd-blog-loop-design-masonry-css\" href=\"https:\/\/www.skills-divers.eu\/wp-content\/themes\/woodmart\/css\/parts\/blog-loop-design-masonry.min.css?ver=7.0.3\" type=\"text\/css\" media=\"all\" \/> \t\t\t\t\t\t<link rel=\"stylesheet\" id=\"wd-lazy-loading-css\" href=\"https:\/\/www.skills-divers.eu\/wp-content\/themes\/woodmart\/css\/parts\/opt-lazy-load.min.css?ver=7.0.3\" type=\"text\/css\" media=\"all\" \/>\n<article id=\"post-9721\">\n<header>\n<figure id=\"carousel-888\" data-owl-carousel data-hide_pagination_control=\"yes\" data-desktop=\"1\" data-tablet=\"1\" data-tablet_landscape=\"1\" data-mobile=\"1\">\n\t\t\t\t\t\t\t\t<a href=\"https:\/\/www.skills-divers.eu\/en\/bit-the-spectrum-augmented-and-virtual-reality-technologies-to-boost-literary-and-social-emotion-skills-in-autism-spectrum-disorder-students\/\"><br \/>\n\t\t\t\t\t\t\t\t\t<img fetchpriority=\"high\" width=\"4500\" height=\"4500\" src=\"https:\/\/www.skills-divers.eu\/wp-content\/themes\/woodmart\/images\/lazy.png\" alt=\"\" decoding=\"async\" srcset=\"\" sizes=\"(max-width: 4500px) 100vw, 4500px\" data-wood-src=\"http:\/\/www.skills-divers.eu\/wp-content\/uploads\/2024\/01\/BIT-THE-SPECTRUM_Tavola-disegno-1.png\" data-srcset=\"https:\/\/www.skills-divers.eu\/wp-content\/uploads\/2024\/01\/BIT-THE-SPECTRUM_Tavola-disegno-1.png 4500w, https:\/\/www.skills-divers.eu\/wp-content\/uploads\/2024\/01\/BIT-THE-SPECTRUM_Tavola-disegno-1-300x300.png 300w, https:\/\/www.skills-divers.eu\/wp-content\/uploads\/2024\/01\/BIT-THE-SPECTRUM_Tavola-disegno-1-800x800.png 800w, https:\/\/www.skills-divers.eu\/wp-content\/uploads\/2024\/01\/BIT-THE-SPECTRUM_Tavola-disegno-1-150x150.png 150w, https:\/\/www.skills-divers.eu\/wp-content\/uploads\/2024\/01\/BIT-THE-SPECTRUM_Tavola-disegno-1-768x768.png 768w, https:\/\/www.skills-divers.eu\/wp-content\/uploads\/2024\/01\/BIT-THE-SPECTRUM_Tavola-disegno-1-1536x1536.png 1536w, https:\/\/www.skills-divers.eu\/wp-content\/uploads\/2024\/01\/BIT-THE-SPECTRUM_Tavola-disegno-1-2048x2048.png 2048w, https:\/\/www.skills-divers.eu\/wp-content\/uploads\/2024\/01\/BIT-THE-SPECTRUM_Tavola-disegno-1-860x860.png 860w, https:\/\/www.skills-divers.eu\/wp-content\/uploads\/2024\/01\/BIT-THE-SPECTRUM_Tavola-disegno-1-430x430.png 430w, https:\/\/www.skills-divers.eu\/wp-content\/uploads\/2024\/01\/BIT-THE-SPECTRUM_Tavola-disegno-1-700x700.png 700w\" \/>\t\t\t\t\t\t\t\t<\/a><br \/>\n\t\t\t\t\t<\/figure>\n<p>\t\t\t\t\t08<br \/>\n\t\t\t\t\tEne<br \/>\n\t\t\t<\/header>\n<p><!-- .entry-header --><\/p>\n<h3>\n\t\t\t\t\t\t<a href=\"https:\/\/www.skills-divers.eu\/en\/bit-the-spectrum-augmented-and-virtual-reality-technologies-to-boost-literary-and-social-emotion-skills-in-autism-spectrum-disorder-students\/\" rel=\"bookmark\">Bit The Spectrum  - Augmented and Virtual Reality Technologies to Boost Literary and Social Emotion Skills in Autism Spectrum Disorder Students<\/a><br \/>\n\t\t\t\t\t<\/h3>\n<p><a href=\"https:\/\/www.skills-divers.eu\/en\/bit-the-spectrum-augmented-and-virtual-reality-technologies-to-boost-literary-and-social-emotion-skills-in-autism-spectrum-disorder-students\/\">Seguir leyendo<\/a><\/p>\n<p>\t\t\t\t\t\t\t\t\t<!-- .entry-content --><br \/>\n<\/article>\n<p><!-- #post --><\/p>\n<article id=\"post-9718\">\n<header>\n<figure id=\"carousel-459\" data-owl-carousel data-hide_pagination_control=\"yes\" data-desktop=\"1\" data-tablet=\"1\" data-tablet_landscape=\"1\" data-mobile=\"1\">\n\t\t\t\t\t\t\t\t<a href=\"https:\/\/www.skills-divers.eu\/en\/gap-games-for-participatory-sustainable-tourism\/\"><br \/>\n\t\t\t\t\t\t\t\t\t<img width=\"4500\" height=\"4500\" src=\"https:\/\/www.skills-divers.eu\/wp-content\/themes\/woodmart\/images\/lazy.png\" alt=\"\" decoding=\"async\" srcset=\"\" sizes=\"(max-width: 4500px) 100vw, 4500px\" data-wood-src=\"http:\/\/www.skills-divers.eu\/wp-content\/uploads\/2024\/01\/Copy-of-GAP_Tavola-disegno-1.png\" data-srcset=\"https:\/\/www.skills-divers.eu\/wp-content\/uploads\/2024\/01\/Copy-of-GAP_Tavola-disegno-1.png 4500w, https:\/\/www.skills-divers.eu\/wp-content\/uploads\/2024\/01\/Copy-of-GAP_Tavola-disegno-1-300x300.png 300w, https:\/\/www.skills-divers.eu\/wp-content\/uploads\/2024\/01\/Copy-of-GAP_Tavola-disegno-1-800x800.png 800w, https:\/\/www.skills-divers.eu\/wp-content\/uploads\/2024\/01\/Copy-of-GAP_Tavola-disegno-1-150x150.png 150w, https:\/\/www.skills-divers.eu\/wp-content\/uploads\/2024\/01\/Copy-of-GAP_Tavola-disegno-1-768x768.png 768w, https:\/\/www.skills-divers.eu\/wp-content\/uploads\/2024\/01\/Copy-of-GAP_Tavola-disegno-1-1536x1536.png 1536w, https:\/\/www.skills-divers.eu\/wp-content\/uploads\/2024\/01\/Copy-of-GAP_Tavola-disegno-1-2048x2048.png 2048w, https:\/\/www.skills-divers.eu\/wp-content\/uploads\/2024\/01\/Copy-of-GAP_Tavola-disegno-1-860x860.png 860w, https:\/\/www.skills-divers.eu\/wp-content\/uploads\/2024\/01\/Copy-of-GAP_Tavola-disegno-1-430x430.png 430w, https:\/\/www.skills-divers.eu\/wp-content\/uploads\/2024\/01\/Copy-of-GAP_Tavola-disegno-1-700x700.png 700w\" \/>\t\t\t\t\t\t\t\t<\/a><br \/>\n\t\t\t\t\t<\/figure>\n<p>\t\t\t\t\t08<br \/>\n\t\t\t\t\tEne<br \/>\n\t\t\t<\/header>\n<p><!-- .entry-header --><\/p>\n<h3>\n\t\t\t\t\t\t<a href=\"https:\/\/www.skills-divers.eu\/en\/gap-games-for-participatory-sustainable-tourism\/\" rel=\"bookmark\">GAP - Games for participatory &amp; sustainable tourism<\/a><br \/>\n\t\t\t\t\t<\/h3>\n<p><a href=\"https:\/\/www.skills-divers.eu\/en\/gap-games-for-participatory-sustainable-tourism\/\">Seguir leyendo<\/a><\/p>\n<p>\t\t\t\t\t\t\t\t\t<!-- .entry-content --><br \/>\n<\/article>\n<p><!-- #post --><br \/>\n\t\t\t\t\tYou are not alone\t\t\t\t<\/p>\n<h4>Ask us how we can help you<\/h4>\n<p>We will get you all the funds and tools you need to achieve your goals.<\/p>","protected":false},"excerpt":{"rendered":"<p>Ayud\u00e1ndote a cumplir sue\u00f1os tus metas son nuestros objetivos Aqu\u00ed podr\u00e1s ver una muestras de los proyectos que hemos realizado,<\/p>","protected":false},"author":1,"featured_media":0,"parent":0,"menu_order":0,"comment_status":"closed","ping_status":"closed","template":"","meta":{"_acf_changed":false,"om_disable_all_campaigns":false,"_monsterinsights_skip_tracking":false,"_monsterinsights_sitenote_active":false,"_monsterinsights_sitenote_note":"","_monsterinsights_sitenote_category":0,"footnotes":""},"class_list":["post-9641","page","type-page","status-publish","hentry"],"acf":[],"aioseo_notices":[],"_links":{"self":[{"href":"https:\/\/www.skills-divers.eu\/en\/wp-json\/wp\/v2\/pages\/9641","targetHints":{"allow":["GET"]}}],"collection":[{"href":"https:\/\/www.skills-divers.eu\/en\/wp-json\/wp\/v2\/pages"}],"about":[{"href":"https:\/\/www.skills-divers.eu\/en\/wp-json\/wp\/v2\/types\/page"}],"author":[{"embeddable":true,"href":"https:\/\/www.skills-divers.eu\/en\/wp-json\/wp\/v2\/users\/1"}],"replies":[{"embeddable":true,"href":"https:\/\/www.skills-divers.eu\/en\/wp-json\/wp\/v2\/comments?post=9641"}],"version-history":[{"count":28,"href":"https:\/\/www.skills-divers.eu\/en\/wp-json\/wp\/v2\/pages\/9641\/revisions"}],"predecessor-version":[{"id":10018,"href":"https:\/\/www.skills-divers.eu\/en\/wp-json\/wp\/v2\/pages\/9641\/revisions\/10018"}],"wp:attachment":[{"href":"https:\/\/www.skills-divers.eu\/en\/wp-json\/wp\/v2\/media?parent=9641"}],"curies":[{"name":"wp","href":"https:\/\/api.w.org\/{rel}","templated":true}]}}